{"id":455,"date":"2018-05-14T23:30:50","date_gmt":"2018-05-14T23:30:50","guid":{"rendered":"http:\/\/www.labomed.com.ec\/?page_id=455"},"modified":"2018-05-14T23:30:50","modified_gmt":"2018-05-14T23:30:50","slug":"seguridad-industrial","status":"publish","type":"page","link":"https:\/\/www.labomed.com.ec\/?page_id=455","title":{"rendered":"Seguridad Industrial"},"content":{"rendered":"<ul>\n<li><em>Diagn\u00f3stico inicial del Sistema de Gesti\u00f3n de Prevenci\u00f3n de Riesgos Laborales para con los resultados obtener una matriz de planificaci\u00f3n de cobertura y jerarquizaci\u00f3n de incumplimientos.<\/em><\/li>\n<li><em>Auditorias del Sistema de Gesti\u00f3n de Seguridad y Salud Ocupacional de la empresa, generando informes de direccionamiento para el levantamiento de no conformidades y el mantenimiento de los cumplimientos encontrados.<\/em><\/li>\n<li><em>Asesor\u00eda en la planificaci\u00f3n del cumplimiento del Sistema de Gesti\u00f3n de Seguridad y Salud Ocupacional.<\/em><\/li>\n<li><em>Asesor\u00eda en el levantamiento y presentaci\u00f3n de los Indicadores de Gesti\u00f3n e Indicadores de Cumplimiento del Sistema de Gesti\u00f3n por parte de la empresa, determinados en el Reglamento del Seguro General de Riesgos del Trabajo Resoluci\u00f3n C. D. 513.<\/em><\/li>\n<li><em>Asesor\u00eda en el levantamiento, la implantaci\u00f3n y la difusi\u00f3n del Manual de Seguridad y Salud Ocupacional, y los Procedimientos propios del Sistema de Gesti\u00f3n de Prevenci\u00f3n de Riesgos Laborales.<\/em><\/li>\n<li><em>Compilaci\u00f3n y asesor\u00eda en la recopilaci\u00f3n de la informaci\u00f3n de las actividades por puesto de trabajo para la elaboraci\u00f3n de la Matriz de Identificaci\u00f3n de Peligros y Evaluaci\u00f3n de Riesgos, utilizando metodolog\u00edas aprobadas y validadas por la legislaci\u00f3n ecuatoriana.<\/em><\/li>\n<li><em>Asesor\u00eda en la elaboraci\u00f3n del Reglamento Interno de Seguridad e Higiene del Trabajo de la empresa, a ser registrado en el Ministerio del Trabajo.<\/em><\/li>\n<li><em>Asesor\u00eda en la creaci\u00f3n de protocolos o procedimientos de Trabajo de Alto Riesgo aplicables en la empresa.<\/em><\/li>\n<li><em>Inspecciones T\u00e9cnicas de Seguridad Ocupacional a las instalaciones de la empresa, como herramienta para el control de las condiciones y acciones inseguras.<\/em><\/li>\n<\/ul>\n<p><!--more--><\/p>\n<ul>\n<li><em>Inspecciones T\u00e9cnicas de Seguridad Ocupacional para el levantamiento de se\u00f1al\u00e9tica de emergencias, identificaci\u00f3n de peligros y seguridad en la operaci\u00f3n.<\/em><\/li>\n<li><em>C\u00e1lculo de la carga calor\u00edfica de las instalaciones y determinaci\u00f3n de su grado de peligrosidad para la elaboraci\u00f3n del Plan de Emergencias y Contingencias de la empresa.<\/em><\/li>\n<li><em>Asesor\u00eda en la elaboraci\u00f3n de Planes de Emergencia y Contingencia de los centros de trabajo, acorde a los requerimientos t\u00e9cnico legales de la respectiva autoridad de control.<\/em><\/li>\n<li><em>Asesor\u00eda en la elaboraci\u00f3n de Programas de Capacitaci\u00f3n y Adiestramiento en temas de Prevenci\u00f3n de Riesgos Laborales, priorizados y temporizados.<\/em><\/li>\n<li><em>Capacitaci\u00f3n en temas relacionados a Seguridad y Salud Ocupacional, y la Prevenci\u00f3n de Riesgos Laborales, de acuerdo a las necesidades propias de la empresa y acorde a los requerimientos t\u00e9cnico legales vigentes.<\/em><\/li>\n<li><em>Adiestramiento en temas relacionados Seguridad y Salud Ocupacional y la Prevenci\u00f3n de Riesgos Laborales, de acuerdo a las necesidades propias de la empresa y acorde a los requerimientos t\u00e9cnico legales vigentes.<\/em><\/li>\n<li><em>Adiestramiento en la elaboraci\u00f3n de Procedimiento de Trabajo Seguro (PTS)<\/em><\/li>\n<li><em>Adiestramiento en la elaboraci\u00f3n de An\u00e1lisis de Riesgo de Trabajo (ART).<\/em><\/li>\n<li><em>Comit\u00e9 paritario<\/em><\/li>\n<li><em>\u00c1rea de Incendios y Explosiones<\/em><\/li>\n<li><em>Brigadas de emergencias<\/em><\/li>\n<li><em>Simulacros de emergencia<\/em><\/li>\n<li><em>Rutas de evacuaci\u00f3n<\/em><\/li>\n<li><em>Salidas de emergencia<\/em><\/li>\n<li><em>Puntos de encuentros<\/em><\/li>\n<li><em>Calculo de extintores por \u00e1rea (clase y capacidad)<\/em><\/li>\n<li><em>Manejo y almacenamiento de sustancias peligrosas<\/em><\/li>\n<li><em>Declaraci\u00f3n de aviso de accidentes laborales<\/em><\/li>\n<li><em>Investigacion de accidentes<\/em><\/li>\n<li><em>Formatos de inspecciones<\/em><\/li>\n<li><em>Formato de reporte de hallazgos<\/em><\/li>\n<li><em>Asesor\u00eda en Implementaci\u00f3n de EPP\u00b4s:<\/em>\n<ul>\n<li><em>EPP\u00b4s<\/em><em> para trabajos en Altura.<\/em><\/li>\n<li><em>EPP\u00b4s<\/em><em> para trabajos en Espacios Confinados<\/em><\/li>\n<li><em>EPP\u00b4s<\/em><em> para trabajos en Caliente.<\/em><\/li>\n<li><em>Dise\u00f1o de Ropa de Trabajo de Acuerdo a la Actividad.<\/em><\/li>\n<\/ul>\n<\/li>\n<\/ul>\n","protected":false},"excerpt":{"rendered":"<p>Diagn\u00f3stico inicial del Sistema de Gesti\u00f3n de Prevenci\u00f3n de Riesgos Laborales para con los resultados obtener una matriz de planificaci\u00f3n de cobertura y jerarquizaci\u00f3n de incumplimientos. Auditorias del Sistema de Gesti\u00f3n de Seguridad y Salud Ocupacional de la empresa, generando informes de direccionamiento para el levantamiento de no conformidades y el mantenimiento de los cumplimientos [&hellip;]<\/p>\n","protected":false},"author":1,"featured_media":456,"parent":0,"menu_order":0,"comment_status":"closed","ping_status":"closed","template":"","meta":{"_joinchat":[]},"_links":{"self":[{"href":"https:\/\/www.labomed.com.ec\/index.php?rest_route=\/wp\/v2\/pages\/455"}],"collection":[{"href":"https:\/\/www.labomed.com.ec\/index.php?rest_route=\/wp\/v2\/pages"}],"about":[{"href":"https:\/\/www.labomed.com.ec\/index.php?rest_route=\/wp\/v2\/types\/page"}],"author":[{"embeddable":true,"href":"https:\/\/www.labomed.com.ec\/index.php?rest_route=\/wp\/v2\/users\/1"}],"replies":[{"embeddable":true,"href":"https:\/\/www.labomed.com.ec\/index.php?rest_route=%2Fwp%2Fv2%2Fcomments&post=455"}],"version-history":[{"count":1,"href":"https:\/\/www.labomed.com.ec\/index.php?rest_route=\/wp\/v2\/pages\/455\/revisions"}],"predecessor-version":[{"id":457,"href":"https:\/\/www.labomed.com.ec\/index.php?rest_route=\/wp\/v2\/pages\/455\/revisions\/457"}],"wp:featuredmedia":[{"embeddable":true,"href":"https:\/\/www.labomed.com.ec\/index.php?rest_route=\/wp\/v2\/media\/456"}],"wp:attachment":[{"href":"https:\/\/www.labomed.com.ec\/index.php?rest_route=%2Fwp%2Fv2%2Fmedia&parent=455"}],"curies":[{"name":"wp","href":"https:\/\/api.w.org\/{rel}","templated":true}]}}