{"id":458,"date":"2018-05-14T23:35:30","date_gmt":"2018-05-14T23:35:30","guid":{"rendered":"http:\/\/www.labomed.com.ec\/?page_id=458"},"modified":"2018-05-14T23:35:30","modified_gmt":"2018-05-14T23:35:30","slug":"higiene-industrial","status":"publish","type":"page","link":"https:\/\/www.labomed.com.ec\/?page_id=458","title":{"rendered":"Higiene Industrial"},"content":{"rendered":"<p><em>La actuaci\u00f3n en Higiene Industrial se basa en un esquema metodol\u00f3gico que es aplicable a cualquier situaci\u00f3n en la que un contaminante pueda encontrarse en el medio ambiente laboral, por la cual <strong>LABOMED<\/strong> busca prevenir la aparici\u00f3n de enfermedades profesionales, estudiando y modificando el medio ambiente f\u00edsico, qu\u00edmico y biol\u00f3gico del trabajo.<\/em><\/p>\n<h4><em>Mediciones de factores de riesgo:<\/em><\/h4>\n<ul>\n<li><em>Ruido<\/em><\/li>\n<li><em>Iluminaci\u00f3n<\/em><\/li>\n<li><em>Temperatura<\/em><\/li>\n<li><em>Vibraciones<\/em><\/li>\n<li><em>Part\u00edculas suspendidas<\/em><\/li>\n<li><em>Agentes qu\u00edmicos.<\/em><\/li>\n<\/ul>\n<h4><em>Estudios Ergon\u00f3micos y <\/em><em>valoraci\u00f3n de los puestos de trabajo:<\/em><\/h4>\n<ul>\n<li><em>Postura de trabajo.<\/em><\/li>\n<li><em>Exigencias del confort ambiental<\/em><\/li>\n<li><em>Dimensiones del Puesto de Trabajo.<\/em><\/li>\n<\/ul>\n<h4><!--more--><em>Mediciones de factores Psicosociales:<\/em><\/h4>\n<ul>\n<li><em>NTP 443<\/em><\/li>\n<\/ul>\n","protected":false},"excerpt":{"rendered":"<p>La actuaci\u00f3n en Higiene Industrial se basa en un esquema metodol\u00f3gico que es aplicable a cualquier situaci\u00f3n en la que un contaminante pueda encontrarse en el medio ambiente laboral, por la cual LABOMED busca prevenir la aparici\u00f3n de enfermedades profesionales, estudiando y modificando el medio ambiente f\u00edsico, qu\u00edmico y biol\u00f3gico del trabajo. Mediciones de factores [&hellip;]<\/p>\n","protected":false},"author":1,"featured_media":459,"parent":0,"menu_order":0,"comment_status":"closed","ping_status":"closed","template":"","meta":{"_joinchat":[]},"_links":{"self":[{"href":"https:\/\/www.labomed.com.ec\/index.php?rest_route=\/wp\/v2\/pages\/458"}],"collection":[{"href":"https:\/\/www.labomed.com.ec\/index.php?rest_route=\/wp\/v2\/pages"}],"about":[{"href":"https:\/\/www.labomed.com.ec\/index.php?rest_route=\/wp\/v2\/types\/page"}],"author":[{"embeddable":true,"href":"https:\/\/www.labomed.com.ec\/index.php?rest_route=\/wp\/v2\/users\/1"}],"replies":[{"embeddable":true,"href":"https:\/\/www.labomed.com.ec\/index.php?rest_route=%2Fwp%2Fv2%2Fcomments&post=458"}],"version-history":[{"count":1,"href":"https:\/\/www.labomed.com.ec\/index.php?rest_route=\/wp\/v2\/pages\/458\/revisions"}],"predecessor-version":[{"id":460,"href":"https:\/\/www.labomed.com.ec\/index.php?rest_route=\/wp\/v2\/pages\/458\/revisions\/460"}],"wp:featuredmedia":[{"embeddable":true,"href":"https:\/\/www.labomed.com.ec\/index.php?rest_route=\/wp\/v2\/media\/459"}],"wp:attachment":[{"href":"https:\/\/www.labomed.com.ec\/index.php?rest_route=%2Fwp%2Fv2%2Fmedia&parent=458"}],"curies":[{"name":"wp","href":"https:\/\/api.w.org\/{rel}","templated":true}]}}