{"id":461,"date":"2018-05-14T23:41:40","date_gmt":"2018-05-14T23:41:40","guid":{"rendered":"http:\/\/www.labomed.com.ec\/?page_id=461"},"modified":"2018-05-30T18:17:45","modified_gmt":"2018-05-30T18:17:45","slug":"medio-ambiente","status":"publish","type":"page","link":"https:\/\/www.labomed.com.ec\/?page_id=461","title":{"rendered":"Gesti\u00f3n Ambiental"},"content":{"rendered":"<p><strong>LABOMED<\/strong> entrega los servicios para implementar las oportunidades del control ambiental desde el punto de vista de la prevenci\u00f3n (producci\u00f3n limpia) y de la gesti\u00f3n ambiental considerando lo establecido en la norma ISO 14001:2015.<br \/>\nBrindamos asesor\u00eda profesional para el an\u00e1lisis de las condiciones ambientales, que le permitir\u00e1 tomar <em>decisiones con criterio t\u00e9cnico y especializado en la normatividad ambiental.<\/em><\/p>\n<h4><em>LICENCIA AMBIENTAL<\/em><\/h4>\n<ul>\n<li>Registro del Proyecto en el Sistema \u00danico de Informaci\u00f3n ambiental SUIA<\/li>\n<li>Estudio de Impacto Ambiental<\/li>\n<li>Plan de Manejo Ambiental\n<ul>\n<li>Plan de Prevenci\u00f3n y Mitigaci\u00f3n de Impactos<\/li>\n<li>Plan de Contingencias<\/li>\n<li>Plan de capacitaci\u00f3n<\/li>\n<li>Plan de Seguridad y salud Ocupacional<\/li>\n<li>Plan de Manejo de Desechos<\/li>\n<li>Plan de Relaciones Comunitarias<\/li>\n<li>Plan de Rehabilitaci\u00f3n y de \u00c1reas afectadas<\/li>\n<li>Plan de Abandono y entrega del \u00e1rea<\/li>\n<li>Plan de monitoreo y seguimiento<\/li>\n<\/ul>\n<\/li>\n<\/ul>\n","protected":false},"excerpt":{"rendered":"<p>LABOMED entrega los servicios para implementar las oportunidades del control ambiental desde el punto de vista de la prevenci\u00f3n (producci\u00f3n limpia) y de la gesti\u00f3n ambiental considerando lo establecido en la norma ISO 14001:2015. Brindamos asesor\u00eda profesional para el an\u00e1lisis de las condiciones ambientales, que le permitir\u00e1 tomar decisiones con criterio t\u00e9cnico y especializado en [&hellip;]<\/p>\n","protected":false},"author":1,"featured_media":462,"parent":0,"menu_order":0,"comment_status":"closed","ping_status":"closed","template":"","meta":{"_joinchat":[]},"_links":{"self":[{"href":"https:\/\/www.labomed.com.ec\/index.php?rest_route=\/wp\/v2\/pages\/461"}],"collection":[{"href":"https:\/\/www.labomed.com.ec\/index.php?rest_route=\/wp\/v2\/pages"}],"about":[{"href":"https:\/\/www.labomed.com.ec\/index.php?rest_route=\/wp\/v2\/types\/page"}],"author":[{"embeddable":true,"href":"https:\/\/www.labomed.com.ec\/index.php?rest_route=\/wp\/v2\/users\/1"}],"replies":[{"embeddable":true,"href":"https:\/\/www.labomed.com.ec\/index.php?rest_route=%2Fwp%2Fv2%2Fcomments&post=461"}],"version-history":[{"count":4,"href":"https:\/\/www.labomed.com.ec\/index.php?rest_route=\/wp\/v2\/pages\/461\/revisions"}],"predecessor-version":[{"id":539,"href":"https:\/\/www.labomed.com.ec\/index.php?rest_route=\/wp\/v2\/pages\/461\/revisions\/539"}],"wp:featuredmedia":[{"embeddable":true,"href":"https:\/\/www.labomed.com.ec\/index.php?rest_route=\/wp\/v2\/media\/462"}],"wp:attachment":[{"href":"https:\/\/www.labomed.com.ec\/index.php?rest_route=%2Fwp%2Fv2%2Fmedia&parent=461"}],"curies":[{"name":"wp","href":"https:\/\/api.w.org\/{rel}","templated":true}]}}